{"id":26209,"date":"2020-03-02T23:33:27","date_gmt":"2020-03-02T23:33:27","guid":{"rendered":"https:\/\/romano-realestate.com\/formularz-zapytania\/"},"modified":"2026-02-25T18:21:06","modified_gmt":"2026-02-25T18:21:06","slug":"formularz-zapytania","status":"publish","type":"page","link":"https:\/\/romano-realestate.com\/pl\/formularz-zapytania\/","title":{"rendered":"Formularz zapytania"},"content":{"rendered":"\t\t<div data-elementor-type=\"wp-page\" data-elementor-id=\"26209\" class=\"elementor elementor-26209 elementor-17149\">\n\t\t\t\t<div class=\"elementor-element elementor-element-fedb67d e-flex e-con-boxed elementor-invisible e-con e-parent\" data-id=\"fedb67d\" data-element_type=\"container\" data-e-type=\"container\" data-settings=\"{&quot;background_background&quot;:&quot;classic&quot;,&quot;animation&quot;:&quot;fadeIn&quot;}\">\n\t\t\t\t\t<div class=\"e-con-inner\">\n\t\t<div class=\"elementor-element elementor-element-0ea31fd e-con-full e-flex e-con e-child\" data-id=\"0ea31fd\" data-element_type=\"container\" data-e-type=\"container\">\n\t\t\t\t<div class=\"elementor-element elementor-element-a1403aa elementor-widget elementor-widget-heading\" data-id=\"a1403aa\" data-element_type=\"widget\" data-e-type=\"widget\" data-widget_type=\"heading.default\">\n\t\t\t\t\t<h2 class=\"elementor-heading-title elementor-size-default\">Sprzedaj z nami: Uzyskaj jasny obraz warto\u015bci swojej nieruchomo\u015bci<br>Nawi\u0105\u017c wsp\u00f3\u0142prac\u0119 z nasz\u0105 wyspecjalizowan\u0105 agencj\u0105 nieruchomo\u015bci w Trogirze, aby pozna\u0107 rzeczywist\u0105 warto\u015b\u0107 rynkow\u0105 swojego domu i osi\u0105gn\u0105\u0107 sukces w sprzeda\u017cy.<\/h2>\t\t\t\t<\/div>\n\t\t\t\t<div class=\"elementor-element elementor-element-aa2d300 elementor-widget elementor-widget-text-editor\" data-id=\"aa2d300\" data-element_type=\"widget\" data-e-type=\"widget\" data-widget_type=\"text-editor.default\">\n\t\t\t\t\t\t\t\t\t<p>Rozpocznij swoj\u0105 przygod\u0119 z nieruchomo\u015bciami z jasnym obrazem warto\u015bci swojego domu. Nasza agencja nieruchomo\u015bci z siedzib\u0105 w Trogirze dostarcza precyzyjne, oparte na danych analizy, kt\u00f3re pomog\u0105 Ci podejmowa\u0107 \u015bwiadome decyzje na Twoich w\u0142asnych warunkach. Bez zobowi\u0105za\u0144, bez presji \u2013 tylko lokalna wiedza specjalistyczna, kt\u00f3rej potrzebujesz, aby i\u015b\u0107 naprz\u00f3d.  <\/p>\t\t\t\t\t\t\t\t<\/div>\n\t\t\t\t<div class=\"elementor-element elementor-element-34bd9c7 elementor-widget elementor-widget-heading\" data-id=\"34bd9c7\" data-element_type=\"widget\" data-e-type=\"widget\" data-widget_type=\"heading.default\">\n\t\t\t\t\t<h3 class=\"elementor-heading-title elementor-size-default\">Dlaczego warto zleci\u0107 wycen\u0119 domu?<\/h3>\t\t\t\t<\/div>\n\t\t\t\t<div class=\"elementor-element elementor-element-19accd0 elementor-widget elementor-widget-text-editor\" data-id=\"19accd0\" data-element_type=\"widget\" data-e-type=\"widget\" data-widget_type=\"text-editor.default\">\n\t\t\t\t\t\t\t\t\t<ul><li><ul><li><p data-path-to-node=\"2,0,0\">Planuj dost\u0119p do tego, czy kupujesz, czy udost\u0119pniasz, skorzystaj z zaawansowanej wyceny, aby uzyska\u0107 realistyczn\u0105 pomoc. Zaufaj lokalnemu urz\u0105dzeniu, aby bezpiecznie pokierowa\u0107 przewodnikiem pomocniczym. <\/p><\/li><li><p data-path-to-node=\"2,1,0\">Planuj precyzyjnie: Niezale\u017cnie od tego, czy kupujesz, czy sprzedajesz, skorzystaj z profesjonalnej wyceny, aby opracowa\u0107 realistyczn\u0105 strategi\u0119. Zaufaj naszemu lokalnemu do\u015bwiadczeniu, aby pewnie pokierowa\u0107 Twoim kolejnym krokiem. <\/p><\/li><li><p data-path-to-node=\"2,2,0\">Skonsultuj si\u0119 z ekspertami: Wyjd\u017a poza standardowe narz\u0119dzia online. Uzyskaj spersonalizowane spostrze\u017cenia i profesjonalne porady dopasowane do Twoich konkretnych cel\u00f3w i lokalizacji, dostarczane przez nasz do\u015bwiadczony zesp\u00f3\u0142 ds. nieruchomo\u015bci w Trogirze. <\/p><\/li><\/ul><\/li><\/ul>\t\t\t\t\t\t\t\t<\/div>\n\t\t\t\t<div class=\"elementor-element elementor-element-5ae5dce elementor-widget elementor-widget-heading\" data-id=\"5ae5dce\" data-element_type=\"widget\" data-e-type=\"widget\" data-widget_type=\"heading.default\">\n\t\t\t\t\t<h3 class=\"elementor-heading-title elementor-size-default\">Jak to dzia\u0142a<\/h3>\t\t\t\t<\/div>\n\t\t\t\t<div class=\"elementor-element elementor-element-4598ea0 elementor-widget elementor-widget-text-editor\" data-id=\"4598ea0\" data-element_type=\"widget\" data-e-type=\"widget\" data-widget_type=\"text-editor.default\">\n\t\t\t\t\t\t\t\t\t<p data-path-to-node=\"2\"><b data-path-to-node=\"2\" data-index-in-node=\"0\">Chcesz sprzeda\u0107? Skontaktuj si\u0119 z nasz\u0105 agencj\u0105 nieruchomo\u015bci w Trogirze. <\/b> \u201eNieustannie poszukujemy wyj\u0105tkowych nieruchomo\u015bci wzd\u0142u\u017c wybrze\u017ca, szczeg\u00f3lnie w regionie mi\u0119dzy Rogoznic\u0105 a Splitem. Jako wyspecjalizowana agencja nieruchomo\u015bci w Trogirze, utrzymujemy wysokie standardy us\u0142ug, po\u015brednicz\u0105c wy\u0142\u0105cznie w przypadku nieruchomo\u015bci z czystym tytu\u0142em w\u0142asno\u015bci, 100% legalizacj\u0105 i jasn\u0105 histori\u0105 w\u0142asno\u015bci. <\/p><p data-path-to-node=\"3\">Wype\u0142nij poni\u017cszy formularz, aby zg\u0142osi\u0107 swoj\u0105 nieruchomo\u015b\u0107 do rozpatrzenia. Nasz zesp\u00f3\u0142 przeanalizuje Twoje zg\u0142oszenie i skontaktuje si\u0119 z Tob\u0105 wkr\u00f3tce, je\u015bli zajdzie mo\u017cliwo\u015b\u0107, aby nasza agencja pomog\u0142a Ci w profesjonalnej sprzeda\u017cy Twojego domu. <\/p>\t\t\t\t\t\t\t\t<\/div>\n\t\t<div class=\"elementor-element elementor-element-3a9d180 e-con-full e-flex e-con e-child\" data-id=\"3a9d180\" data-element_type=\"container\" data-e-type=\"container\">\n\t\t\t\t<div class=\"elementor-element elementor-element-f515dc3 elementor-widget elementor-widget-text-editor\" data-id=\"f515dc3\" data-element_type=\"widget\" data-e-type=\"widget\" data-widget_type=\"text-editor.default\">\n\t\t\t\t\t\t\t\t\t<p data-path-to-node=\"13\"><b data-path-to-node=\"13\" data-index-in-node=\"0\">&#8220;Not sure how to start? Read our expert guides:&#8221;<\/b><\/p>\n<p data-path-to-node=\"13\"><a href=\"https:\/\/romano-realestate.com\/real-estate-pricing-asking-price-vs-market-value\/\" target=\"_blank\">[Real Estate Pricing: Why Your Asking Price Might Be Killing Your Sale]<\/a><\/p>\n<p data-path-to-node=\"13\"><a href=\"https:\/\/romano-realestate.com\/how-to-prepare-property-for-sale-home-staging\/\" target=\"_blank\">[How to Prepare Your Property for Sale: The Ultimate Staging Guide]<\/a><\/p>\t\t\t\t\t\t\t\t<\/div>\n\t\t\t\t<\/div>\n\t\t\t\t<\/div>\n\t\t<div class=\"elementor-element elementor-element-0809762 e-con-full e-flex e-con e-child\" data-id=\"0809762\" data-element_type=\"container\" data-e-type=\"container\">\n\t\t\t\t<div class=\"elementor-element elementor-element-f790fb7 elementor-button-align-stretch elementor-widget elementor-widget-houzez_elementor_inquiry_form\" data-id=\"f790fb7\" data-element_type=\"widget\" data-e-type=\"widget\" data-widget_type=\"houzez_elementor_inquiry_form.default\">\n\t\t\t\t<div class=\"elementor-widget-container\">\n\t\t\t\t\t\n        <script type=\"application\/javascript\">\n            jQuery(document).bind(\"ready\", function () {\n                houzezValidateElementor(\"#houzez-form-f790fb7\" );\n            });\n        <\/script>\n\n\n        <form class=\"elementor-form houzez-ele-form-js\" id=\"houzez-form-f790fb7\" method=\"post\" name=\"Nowy formularz\" action=\"https:\/\/romano-realestate.com\/wp-admin\/admin-ajax.php\">\n            <input type=\"hidden\" name=\"form_id\" value=\"f790fb7\"\/>\n            <input type=\"hidden\" name=\"action\" value=\"houzez_ele_inquiry_form\" \/>\n            <input type=\"hidden\" name=\"source_link\" value=\"https:\/\/romano-realestate.com\/pl\/formularz-zapytania\/\" \/>\n            <input type=\"hidden\" name=\"lead_page_id\" value=\"26209\" \/>\n            <input type=\"hidden\" name=\"is_estimation\" value=\"yes\" \/>\n            <input type=\"hidden\" name=\"webhook\" value=\"\" \/>\n            <input type=\"hidden\" name=\"webhook_url\" value=\"\" \/>\n            <input type=\"hidden\" name=\"redirect_to\" value=\"\" \/>\n            <input type=\"hidden\" name=\"email_subject\" value=\"Nowa wiadomo\u015b\u0107 od \u201eRomano Real Estate 01\u201d\" \/>\n            <input type=\"hidden\" name=\"google_recaptcha\" value=\"yes\" \/>\n\n            <div class=\"elementor-form-fields-wrapper elementor-labels-above\">\n\n                                    <div class=\"elementor-field-group elementor-column form-group elementor-field-group-ba6c34c elementor-col-100 elementor-field-required\">\n                    <label for=\"form-field-ba6c34c\" class=\"form-label elementor-field-label\">Typ nieruchomo\u015bci<\/label>        <div class=\"elementor-field elementor-select-wrapper\">\n            <select name=\"e_meta[property_type]\" id=\"form-field-ba6c34c\" class=\"elementor-field-textual form-control elementor-size-md\" required=\"required\" title=\"* Typ nieruchomo\u015bci\">\n                <option value=\"\">Wybiera\u0107<\/option><option value=\"apartament\"> Apartament<\/option><option value=\"dom\"> Dom<\/option><option value=\"grunt\"> Grunt<\/option><option value=\"willa\"> Willa<\/option>            <\/select>\n        <\/div>\n                            <\/div>\n\n                                        <div class=\"elementor-field-group elementor-column form-group elementor-field-group-b7fe77d elementor-col-100 elementor-field-required\">\n                    <label for=\"form-field-b7fe77d\" class=\"form-label elementor-field-label\">Informacja<\/label>        <div class=\"elementor-field elementor-select-wrapper\">\n            <select name=\"user_type\" id=\"form-field-b7fe77d\" class=\"elementor-field-textual form-control elementor-size-md\" required=\"required\" title=\"* Informacja\">\n                <option value=\"\">Jestem <\/option><option value=\"Jestem agentem nieruchomo\u015bci\">Jestem agentem nieruchomo\u015bci<\/option><option value=\"Jestem w\u0142a\u015bcicielem nieruchomo\u015bci\">Jestem w\u0142a\u015bcicielem nieruchomo\u015bci<\/option>            <\/select>\n        <\/div>\n                            <\/div>\n\n                                        <div class=\"elementor-field-group elementor-column form-group elementor-field-group-cc6b92f elementor-col-50 elementor-field-required\">\n                    <input type=\"text\" name=\"first_name\" id=\"form-field-cc6b92f\" class=\"elementor-field form-control elementor-size-md elementor-field-textual\" placeholder=\"Imi\u0119\" title=\"* Imi\u0119\" required=\"required\">                    <\/div>\n\n                                        <div class=\"elementor-field-group elementor-column form-group elementor-field-group-3cc124e elementor-col-50\">\n                    <input type=\"text\" name=\"last_name\" id=\"form-field-3cc124e\" class=\"elementor-field form-control elementor-size-md elementor-field-textual\" placeholder=\"Adres e-mail\" title=\"* Adres e-mail\">                    <\/div>\n\n                                        <div class=\"elementor-field-group elementor-column form-group elementor-field-group-932d82c elementor-col-100 elementor-field-required\">\n                    <input type=\"email\" name=\"email\" id=\"form-field-932d82c\" class=\"elementor-field form-control elementor-size-md elementor-field-textual\" placeholder=\"Adres e-mail\" title=\"* Adres e-mail\" required=\"required\">                    <\/div>\n\n                                        <div class=\"elementor-field-group elementor-column form-group elementor-field-group-cb1d979 elementor-col-100\">\n                    <textarea class=\"elementor-field-textual elementor-field elementor-size-md\" name=\"message\" id=\"form-field-cb1d979\" rows=\"1\" placeholder=\"Numer telefonu\"><\/textarea>                    <\/div>\n\n                                        <div class=\"elementor-field-group elementor-column form-group elementor-field-group-2eaf20d elementor-col-50 elementor-field-required\">\n                    <label for=\"form-field-2eaf20d\" class=\"form-label elementor-field-label\">Informacje o nieruchomo\u015bci<\/label><input type=\"text\" name=\"first_name\" id=\"form-field-2eaf20d\" class=\"elementor-field form-control elementor-size-md elementor-field-textual\" placeholder=\"Lokalizacja nieruchomo\u015bci\" title=\"* Informacje o nieruchomo\u015bci\" required=\"required\">                    <\/div>\n\n                                        <div class=\"elementor-field-group elementor-column form-group elementor-field-group-f0ee6fc elementor-col-50 elementor-field-required\">\n                    <label for=\"form-field-f0ee6fc\" class=\"form-label elementor-field-label\">&nbsp;<\/label><input type=\"text\" name=\"e_meta[zipcode]\" id=\"form-field-f0ee6fc\" class=\"elementor-field form-control elementor-size-md elementor-field-textual\" placeholder=\"Liczba pokoi\" title=\"* Liczba pokoi\" required=\"required\">                    <\/div>\n\n                                        <div class=\"elementor-field-group elementor-column form-group elementor-field-group-ebec41e elementor-col-100 elementor-field-required\">\n                    <label for=\"form-field-ebec41e\" class=\"form-label elementor-field-label\">&nbsp;<\/label><textarea class=\"elementor-field-textual elementor-field elementor-size-md\" name=\"message\" id=\"form-field-ebec41e\" rows=\"4\" placeholder=\"Wiadomo\u015b\u0107\" required=\"required\" title=\"* Wiadomo\u015b\u0107\"><\/textarea>                    <\/div>\n\n                    \n                    \n                                        <div class=\"form-group elementor-field-group elementor-col-100\">\n                        <label class=\"control control--checkbox m-0 \">\n                                                        <input required type=\"checkbox\" name=\"gdpr_agreement\" id=\"gdpr_agreement\" aria-required=\"true\">\n                            <span class=\"control__indicator\"><\/span>\n                                                        <div class=\"gdpr-text-wrap\">\n                            Akceptuj\u0119 Polityk\u0119 prywatno\u015bci i wyra\u017cam zgod\u0119 na przetwarzanie moich danych osobowych w celu udzielenia odpowiedzi na zapytanie.                            <\/div>\n                            \n                        <\/label>\n                    <\/div><!-- form-group -->\n                    \n                    \n                                        <div class=\"\">\n                                            <\/div>\n                    \n                    <div class=\"elementor-field-group elementor-column elementor-field-type-submit elementor-col-100\">\n                    <button type=\"submit\" class=\"houzez-submit-button houzez-contact-form-js elementor-button elementor-size-md\">\n                        <i class=\"houzez-loader-js houzez-hidden spinner-border spinner-border-sm\"><\/i>\n                                                    Sk\u0142ada\u0107                                            <\/button>\n                <\/div>\n            <\/div><!-- End wrapper-->\n            <br\/>\n            <div class=\"ele-form-messages\"><\/div>\n            <div class=\"error-container\"><\/div>\n\n        <\/form>\n\n    \t\t\t\t<\/div>\n\t\t\t\t<\/div>\n\t\t\t\t<\/div>\n\t\t\t\t\t<\/div>\n\t\t\t\t<\/div>\n\t\t\t\t<\/div>\n\t\t","protected":false},"excerpt":{"rendered":"<p>Sprzedaj z nami: Uzyskaj jasny obraz warto\u015bci swojej nieruchomo\u015bciNawi\u0105\u017c wsp\u00f3\u0142prac\u0119 z nasz\u0105 wyspecjalizowan\u0105 agencj\u0105 nieruchomo\u015bci w Trogirze, aby pozna\u0107 rzeczywist\u0105 warto\u015b\u0107 rynkow\u0105 swojego domu i osi\u0105gn\u0105\u0107 sukces w sprzeda\u017cy. Rozpocznij swoj\u0105 przygod\u0119 z nieruchomo\u015bciami z jasnym obrazem warto\u015bci swojego domu. Nasza agencja nieruchomo\u015bci z siedzib\u0105 w Trogirze dostarcza precyzyjne, oparte na danych analizy, kt\u00f3re pomog\u0105 [&hellip;]<\/p>\n","protected":false},"author":1,"featured_media":0,"parent":0,"menu_order":0,"comment_status":"closed","ping_status":"closed","template":"elementor_header_footer","meta":{"content-type":"","footnotes":""},"class_list":["post-26209","page","type-page","status-publish","hentry"],"_links":{"self":[{"href":"https:\/\/romano-realestate.com\/pl\/wp-json\/wp\/v2\/pages\/26209","targetHints":{"allow":["GET"]}}],"collection":[{"href":"https:\/\/romano-realestate.com\/pl\/wp-json\/wp\/v2\/pages"}],"about":[{"href":"https:\/\/romano-realestate.com\/pl\/wp-json\/wp\/v2\/types\/page"}],"author":[{"embeddable":true,"href":"https:\/\/romano-realestate.com\/pl\/wp-json\/wp\/v2\/users\/1"}],"replies":[{"embeddable":true,"href":"https:\/\/romano-realestate.com\/pl\/wp-json\/wp\/v2\/comments?post=26209"}],"version-history":[{"count":4,"href":"https:\/\/romano-realestate.com\/pl\/wp-json\/wp\/v2\/pages\/26209\/revisions"}],"predecessor-version":[{"id":31923,"href":"https:\/\/romano-realestate.com\/pl\/wp-json\/wp\/v2\/pages\/26209\/revisions\/31923"}],"wp:attachment":[{"href":"https:\/\/romano-realestate.com\/pl\/wp-json\/wp\/v2\/media?parent=26209"}],"curies":[{"name":"wp","href":"https:\/\/api.w.org\/{rel}","templated":true}]}}