{"id":26082,"date":"2020-03-02T23:33:27","date_gmt":"2020-03-02T23:33:27","guid":{"rendered":"https:\/\/romano-realestate.com\/obrazac-za-upit\/"},"modified":"2026-02-14T14:35:23","modified_gmt":"2026-02-14T14:35:23","slug":"obrazac-za-upit","status":"publish","type":"page","link":"https:\/\/romano-realestate.com\/hr\/obrazac-za-upit\/","title":{"rendered":"Obrazac za upit"},"content":{"rendered":"\t\t<div data-elementor-type=\"wp-page\" data-elementor-id=\"26082\" class=\"elementor elementor-26082 elementor-17149\">\n\t\t\t\t<div class=\"elementor-element elementor-element-fedb67d e-flex e-con-boxed elementor-invisible e-con e-parent\" data-id=\"fedb67d\" data-element_type=\"container\" data-e-type=\"container\" data-settings=\"{&quot;background_background&quot;:&quot;classic&quot;,&quot;animation&quot;:&quot;fadeIn&quot;}\">\n\t\t\t\t\t<div class=\"e-con-inner\">\n\t\t<div class=\"elementor-element elementor-element-0ea31fd e-con-full e-flex e-con e-child\" data-id=\"0ea31fd\" data-element_type=\"container\" data-e-type=\"container\">\n\t\t\t\t<div class=\"elementor-element elementor-element-a1403aa elementor-widget elementor-widget-heading\" data-id=\"a1403aa\" data-element_type=\"widget\" data-e-type=\"widget\" data-widget_type=\"heading.default\">\n\t\t\t\t\t<h2 class=\"elementor-heading-title elementor-size-default\">Prodajte s nama: Dobijte jasnu sliku vrijednosti svoje nekretnine<br>Sura\u0111ujte s na\u0161om specijaliziranom agencijom za nekretnine u Trogiru kako biste otkrili pravu tr\u017ei\u0161nu vrijednost svog doma i ostvarili uspje\u0161nu prodaju.<\/h2>\t\t\t\t<\/div>\n\t\t\t\t<div class=\"elementor-element elementor-element-aa2d300 elementor-widget elementor-widget-text-editor\" data-id=\"aa2d300\" data-element_type=\"widget\" data-e-type=\"widget\" data-widget_type=\"text-editor.default\">\n\t\t\t\t\t\t\t\t\t<p>Zapo\u010dnite svoje putovanje u svijet nekretnina s jasnom slikom vrijednosti svog doma. Na\u0161a <b data-path-to-node=\"5\" data-index-in-node=\"79\">agencija za nekretnine sa sjedi\u0161tem u Trogiru<\/b> pru\u017ea to\u010dne uvide temeljene na podacima kako bi vam pomogla donijeti informirane odluke pod va\u0161im uvjetima. Bez obveza, bez pritiska \u2014 samo lokalna stru\u010dnost koja vam je potrebna za kretanje naprijed.  <\/p>\t\t\t\t\t\t\t\t<\/div>\n\t\t\t\t<div class=\"elementor-element elementor-element-34bd9c7 elementor-widget elementor-widget-heading\" data-id=\"34bd9c7\" data-element_type=\"widget\" data-e-type=\"widget\" data-widget_type=\"heading.default\">\n\t\t\t\t\t<h3 class=\"elementor-heading-title elementor-size-default\">Za\u0161to zatra\u017eiti procjenu vrijednosti nekretnine?<\/h3>\t\t\t\t<\/div>\n\t\t\t\t<div class=\"elementor-element elementor-element-19accd0 elementor-widget elementor-widget-text-editor\" data-id=\"19accd0\" data-element_type=\"widget\" data-e-type=\"widget\" data-widget_type=\"text-editor.default\">\n\t\t\t\t\t\t\t\t\t<ul><li><ul><li><p data-path-to-node=\"2,0,0\"><b data-path-to-node=\"2,0,0\" data-index-in-node=\"0\">Odlu\u010dite s povjerenjem<\/b>: Budite informirani o trenutnim tr\u017ei\u0161nim uvjetima u Srednjoj Dalmaciji. Na\u0161a <b data-path-to-node=\"2,0,0\" data-index-in-node=\"99\">agencija za nekretnine u Trogiru<\/b> osigurava da to\u010dno znate koliko vrijedi va\u0161a nekretnina na dana\u0161njem konkurentnom tr\u017ei\u0161tu. <\/p><\/li><li><p data-path-to-node=\"2,1,0\"><b data-path-to-node=\"2,1,0\" data-index-in-node=\"0\">Planirajte s precizno\u0161\u0107u<\/b>: Bez obzira kupujete li ili prodajete, koristite profesionalnu procjenu za izgradnju realne strategije. Oslonite se na na\u0161u lokalnu stru\u010dnost koja \u0107e vas sa sigurno\u0161\u0107u voditi u va\u0161em sljede\u0107em koraku. <\/p><\/li><li><p data-path-to-node=\"2,2,0\"><b data-path-to-node=\"2,2,0\" data-index-in-node=\"0\">Posavjetujte se sa stru\u010dnjacima<\/b>: Nadma\u0161ite generi\u010dke online alate. Dobijte personalizirane uvide i profesionalne savjete prilago\u0111ene va\u0161im specifi\u010dnim ciljevima i lokaciji, koje vam pru\u017ea na\u0161 iskusni <b data-path-to-node=\"2,2,0\" data-index-in-node=\"178\">tim za nekretnine u Trogiru<\/b>. <\/p><\/li><\/ul><\/li><\/ul>\t\t\t\t\t\t\t\t<\/div>\n\t\t\t\t<div class=\"elementor-element elementor-element-5ae5dce elementor-widget elementor-widget-heading\" data-id=\"5ae5dce\" data-element_type=\"widget\" data-e-type=\"widget\" data-widget_type=\"heading.default\">\n\t\t\t\t\t<h3 class=\"elementor-heading-title elementor-size-default\">Kako funkcionira<\/h3>\t\t\t\t<\/div>\n\t\t\t\t<div class=\"elementor-element elementor-element-4598ea0 elementor-widget elementor-widget-text-editor\" data-id=\"4598ea0\" data-element_type=\"widget\" data-e-type=\"widget\" data-widget_type=\"text-editor.default\">\n\t\t\t\t\t\t\t\t\t<p data-path-to-node=\"2\"><b data-path-to-node=\"2\" data-index-in-node=\"0\">\u017delite prodati? Pove\u017eite se s na\u0161om agencijom za nekretnine u Trogiru. <\/b> \u201eNeprestano tra\u017eimo iznimne nekretnine du\u017e obale, posebno u regiji izme\u0111u Rogoznice i Splita. Kao specijalizirana <b data-path-to-node=\"2\" data-index-in-node=\"201\">agencija za nekretnine u Trogiru<\/b>, odr\u017eavamo visoke standarde usluge posreduju\u0107i isklju\u010divo za nekretnine s \u010distim vlasni\u0161tvom, 100% legalizacijom i jasnim vlasni\u0161tvom. <\/p><p data-path-to-node=\"3\">Molimo vas da ispunite obrazac u nastavku kako biste poslali svoju nekretninu na razmatranje. Na\u0161 tim \u0107e pregledati va\u0161u prijavu i kontaktirati vas u kratkom roku ako postoji potencijal da na\u0161a agencija olak\u0161a profesionalnu prodaju va\u0161eg doma. <\/p>\t\t\t\t\t\t\t\t<\/div>\n\t\t\t\t<\/div>\n\t\t<div class=\"elementor-element elementor-element-0809762 e-con-full e-flex e-con e-child\" data-id=\"0809762\" data-element_type=\"container\" data-e-type=\"container\">\n\t\t\t\t<div class=\"elementor-element elementor-element-f790fb7 elementor-button-align-stretch elementor-widget elementor-widget-houzez_elementor_inquiry_form\" data-id=\"f790fb7\" data-element_type=\"widget\" data-e-type=\"widget\" data-widget_type=\"houzez_elementor_inquiry_form.default\">\n\t\t\t\t<div class=\"elementor-widget-container\">\n\t\t\t\t\t\n        <script type=\"application\/javascript\">\n            jQuery(document).bind(\"ready\", function () {\n                houzezValidateElementor(\"#houzez-form-f790fb7\" );\n            });\n        <\/script>\n\n\n        <form class=\"elementor-form houzez-ele-form-js\" id=\"houzez-form-f790fb7\" method=\"post\" name=\"Novi obrazac\" action=\"https:\/\/romano-realestate.com\/wp-admin\/admin-ajax.php\">\n            <input type=\"hidden\" name=\"form_id\" value=\"f790fb7\"\/>\n            <input type=\"hidden\" name=\"action\" value=\"houzez_ele_inquiry_form\" \/>\n            <input type=\"hidden\" name=\"source_link\" value=\"https:\/\/romano-realestate.com\/hr\/obrazac-za-upit\/\" \/>\n            <input type=\"hidden\" name=\"lead_page_id\" value=\"26082\" \/>\n            <input type=\"hidden\" name=\"is_estimation\" value=\"yes\" \/>\n            <input type=\"hidden\" name=\"webhook\" value=\"\" \/>\n            <input type=\"hidden\" name=\"webhook_url\" value=\"\" \/>\n            <input type=\"hidden\" name=\"redirect_to\" value=\"\" \/>\n            <input type=\"hidden\" name=\"email_subject\" value=\"Nova poruka od &quot;Romano Real Estate 01&quot;\" \/>\n            <input type=\"hidden\" name=\"google_recaptcha\" value=\"yes\" \/>\n\n            <div class=\"elementor-form-fields-wrapper elementor-labels-above\">\n\n                                    <div class=\"elementor-field-group elementor-column form-group elementor-field-group-ba6c34c elementor-col-100 elementor-field-required\">\n                    <label for=\"form-field-ba6c34c\" class=\"form-label elementor-field-label\">Vrsta nekretnine<\/label>        <div class=\"elementor-field elementor-select-wrapper\">\n            <select name=\"e_meta[property_type]\" id=\"form-field-ba6c34c\" class=\"elementor-field-textual form-control elementor-size-md\" required=\"required\" title=\"* Vrsta nekretnine\">\n                <option value=\"\">Odaberite<\/option><option value=\"apartman\"> Apartman<\/option><option value=\"kuca\"> Ku\u0107a<\/option><option value=\"vila\"> Vila<\/option><option value=\"vila-2\"> Vila<\/option><option value=\"zemljiste\"> Zemlji\u0161te<\/option>            <\/select>\n        <\/div>\n                            <\/div>\n\n                                        <div class=\"elementor-field-group elementor-column form-group elementor-field-group-b7fe77d elementor-col-100 elementor-field-required\">\n                    <label for=\"form-field-b7fe77d\" class=\"form-label elementor-field-label\">Informacije<\/label>        <div class=\"elementor-field elementor-select-wrapper\">\n            <select name=\"user_type\" id=\"form-field-b7fe77d\" class=\"elementor-field-textual form-control elementor-size-md\" required=\"required\" title=\"* Informacije\">\n                <option value=\"\">Ja sam <\/option><option value=\"Ja sam agent za nekretnine\">Ja sam agent za nekretnine<\/option><option value=\"Ja sam vlasnik nekretnine\">Ja sam vlasnik nekretnine<\/option>            <\/select>\n        <\/div>\n                            <\/div>\n\n                                        <div class=\"elementor-field-group elementor-column form-group elementor-field-group-cc6b92f elementor-col-50 elementor-field-required\">\n                    <input type=\"text\" name=\"first_name\" id=\"form-field-cc6b92f\" class=\"elementor-field form-control elementor-size-md elementor-field-textual\" placeholder=\"Ime\" title=\"* Ime\" required=\"required\">                    <\/div>\n\n                                        <div class=\"elementor-field-group elementor-column form-group elementor-field-group-3cc124e elementor-col-50\">\n                    <input type=\"text\" name=\"last_name\" id=\"form-field-3cc124e\" class=\"elementor-field form-control elementor-size-md elementor-field-textual\" placeholder=\"Prezime\" title=\"* Prezime\">                    <\/div>\n\n                                        <div class=\"elementor-field-group elementor-column form-group elementor-field-group-932d82c elementor-col-100 elementor-field-required\">\n                    <input type=\"email\" name=\"email\" id=\"form-field-932d82c\" class=\"elementor-field form-control elementor-size-md elementor-field-textual\" placeholder=\"Email adresa\" title=\"* Email adresa\" required=\"required\">                    <\/div>\n\n                                        <div class=\"elementor-field-group elementor-column form-group elementor-field-group-cb1d979 elementor-col-100\">\n                    <textarea class=\"elementor-field-textual elementor-field elementor-size-md\" name=\"message\" id=\"form-field-cb1d979\" rows=\"1\" placeholder=\"Broj telefona\"><\/textarea>                    <\/div>\n\n                                        <div class=\"elementor-field-group elementor-column form-group elementor-field-group-2eaf20d elementor-col-50 elementor-field-required\">\n                    <label for=\"form-field-2eaf20d\" class=\"form-label elementor-field-label\">Informacije o nekretnini<\/label><input type=\"text\" name=\"first_name\" id=\"form-field-2eaf20d\" class=\"elementor-field form-control elementor-size-md elementor-field-textual\" placeholder=\"Lokacija nekretnine\" title=\"* Informacije o nekretnini\" required=\"required\">                    <\/div>\n\n                                        <div class=\"elementor-field-group elementor-column form-group elementor-field-group-f0ee6fc elementor-col-50 elementor-field-required\">\n                    <label for=\"form-field-f0ee6fc\" class=\"form-label elementor-field-label\">&nbsp;<\/label><input type=\"text\" name=\"e_meta[zipcode]\" id=\"form-field-f0ee6fc\" class=\"elementor-field form-control elementor-size-md elementor-field-textual\" placeholder=\"Broj soba\" title=\"* Broj soba\" required=\"required\">                    <\/div>\n\n                                        <div class=\"elementor-field-group elementor-column form-group elementor-field-group-ebec41e elementor-col-100 elementor-field-required\">\n                    <label for=\"form-field-ebec41e\" class=\"form-label elementor-field-label\">&nbsp;<\/label><textarea class=\"elementor-field-textual elementor-field elementor-size-md\" name=\"message\" id=\"form-field-ebec41e\" rows=\"4\" placeholder=\"Poruka\" required=\"required\" title=\"* Poruka\"><\/textarea>                    <\/div>\n\n                    \n                    \n                                        <div class=\"form-group elementor-field-group elementor-col-100\">\n                        <label class=\"control control--checkbox m-0 \">\n                                                        <input required type=\"checkbox\" name=\"gdpr_agreement\" id=\"gdpr_agreement\" aria-required=\"true\">\n                            <span class=\"control__indicator\"><\/span>\n                                                        <div class=\"gdpr-text-wrap\">\n                            Sla\u017eem se s Pravilima privatnosti i dajem privolu za obradu mojih osobnih podataka u svrhu odgovora na upit.                            <\/div>\n                            \n                        <\/label>\n                    <\/div><!-- form-group -->\n                    \n                    \n                                        <div class=\"\">\n                                            <\/div>\n                    \n                    <div class=\"elementor-field-group elementor-column elementor-field-type-submit elementor-col-100\">\n                    <button type=\"submit\" class=\"houzez-submit-button houzez-contact-form-js elementor-button elementor-size-md\">\n                        <i class=\"houzez-loader-js houzez-hidden spinner-border spinner-border-sm\"><\/i>\n                                                    Po\u0161alji                                            <\/button>\n                <\/div>\n            <\/div><!-- End wrapper-->\n            <br\/>\n            <div class=\"ele-form-messages\"><\/div>\n            <div class=\"error-container\"><\/div>\n\n        <\/form>\n\n    \t\t\t\t<\/div>\n\t\t\t\t<\/div>\n\t\t\t\t<\/div>\n\t\t\t\t\t<\/div>\n\t\t\t\t<\/div>\n\t\t\t\t<\/div>\n\t\t","protected":false},"excerpt":{"rendered":"<p>Prodajte s nama: Dobijte jasnu sliku vrijednosti svoje nekretnineSura\u0111ujte s na\u0161om specijaliziranom agencijom za nekretnine u Trogiru kako biste otkrili pravu tr\u017ei\u0161nu vrijednost svog doma i ostvarili uspje\u0161nu prodaju. Zapo\u010dnite svoje putovanje u svijet nekretnina s jasnom slikom vrijednosti svog doma. Na\u0161a agencija za nekretnine sa sjedi\u0161tem u Trogiru pru\u017ea to\u010dne uvide temeljene na podacima [&hellip;]<\/p>\n","protected":false},"author":1,"featured_media":0,"parent":0,"menu_order":0,"comment_status":"closed","ping_status":"closed","template":"elementor_header_footer","meta":{"content-type":"","footnotes":""},"class_list":["post-26082","page","type-page","status-publish","hentry"],"_links":{"self":[{"href":"https:\/\/romano-realestate.com\/hr\/wp-json\/wp\/v2\/pages\/26082","targetHints":{"allow":["GET"]}}],"collection":[{"href":"https:\/\/romano-realestate.com\/hr\/wp-json\/wp\/v2\/pages"}],"about":[{"href":"https:\/\/romano-realestate.com\/hr\/wp-json\/wp\/v2\/types\/page"}],"author":[{"embeddable":true,"href":"https:\/\/romano-realestate.com\/hr\/wp-json\/wp\/v2\/users\/1"}],"replies":[{"embeddable":true,"href":"https:\/\/romano-realestate.com\/hr\/wp-json\/wp\/v2\/comments?post=26082"}],"version-history":[{"count":5,"href":"https:\/\/romano-realestate.com\/hr\/wp-json\/wp\/v2\/pages\/26082\/revisions"}],"predecessor-version":[{"id":26971,"href":"https:\/\/romano-realestate.com\/hr\/wp-json\/wp\/v2\/pages\/26082\/revisions\/26971"}],"wp:attachment":[{"href":"https:\/\/romano-realestate.com\/hr\/wp-json\/wp\/v2\/media?parent=26082"}],"curies":[{"name":"wp","href":"https:\/\/api.w.org\/{rel}","templated":true}]}}