{"id":26046,"date":"2020-03-02T10:27:05","date_gmt":"2020-03-02T10:27:05","guid":{"rendered":"https:\/\/romano-realestate.com\/kontakt\/"},"modified":"2026-02-15T10:48:17","modified_gmt":"2026-02-15T10:48:17","slug":"kontakt","status":"publish","type":"page","link":"https:\/\/romano-realestate.com\/hr\/kontakt\/","title":{"rendered":"Kontakt"},"content":{"rendered":"\t\t<div data-elementor-type=\"wp-page\" data-elementor-id=\"26046\" class=\"elementor elementor-26046 elementor-16941\">\n\t\t\t\t<div class=\"elementor-element elementor-element-92dee31 e-flex e-con-boxed elementor-invisible e-con e-parent\" data-id=\"92dee31\" data-element_type=\"container\" data-e-type=\"container\" data-settings=\"{&quot;animation&quot;:&quot;fadeIn&quot;}\">\n\t\t\t\t\t<div class=\"e-con-inner\">\n\t\t<div class=\"elementor-element elementor-element-85492dc e-con-full e-flex e-con e-child\" data-id=\"85492dc\" data-element_type=\"container\" data-e-type=\"container\">\n\t\t<div class=\"elementor-element elementor-element-b44edf4 e-con-full e-flex e-con e-child\" data-id=\"b44edf4\" data-element_type=\"container\" data-e-type=\"container\">\n\t\t\t\t<div class=\"elementor-element elementor-element-15379e9 elementor-widget elementor-widget-houzez-property-breadcrumb\" data-id=\"15379e9\" data-element_type=\"widget\" data-e-type=\"widget\" data-widget_type=\"houzez-property-breadcrumb.default\">\n\t\t\t\t<div class=\"elementor-widget-container\">\n\t\t\t\t\t<div class=\"breadcrumb-wrap\"><ol class=\"breadcrumb\"><li class=\"breadcrumb-item breadcrumb-item-home\"><i class=\"houzez-icon icon-house\"><\/i><a href=\"https:\/\/romano-realestate.com\/hr\/\/\">Po\u010detna<\/a><\/li><li class=\"breadcrumb-item active\">Stranice<\/li><\/ol><\/div>\t\t\t\t<\/div>\n\t\t\t\t<\/div>\n\t\t\t\t<div class=\"elementor-element elementor-element-ea2ad7b elementor-invisible elementor-widget elementor-widget-heading\" data-id=\"ea2ad7b\" data-element_type=\"widget\" data-e-type=\"widget\" data-settings=\"{&quot;_animation&quot;:&quot;fadeIn&quot;}\" data-widget_type=\"heading.default\">\n\t\t\t\t\t<h2 class=\"elementor-heading-title elementor-size-default\">Zatra\u017eite pomo\u0107 stru\u010dnjaka<\/h2>\t\t\t\t<\/div>\n\t\t\t\t<div class=\"elementor-element elementor-element-aaaef33 elementor-widget elementor-widget-text-editor\" data-id=\"aaaef33\" data-element_type=\"widget\" data-e-type=\"widget\" data-widget_type=\"text-editor.default\">\n\t\t\t\t\t\t\t\t\t<p><strong data-start=\"158\" data-end=\"176\">Adresa ureda<\/strong><\/p><p>Romano Real Estate<br data-start=\"176\" data-end=\"179\">Bl.\nAugustina Ka\u017eoti\u0107a 12<br data-start=\"198\" data-end=\"201\">21220 Trogir, Croatia <\/p><p>GSM: +385 91 547 0790<\/p>\t\t\t\t\t\t\t\t<\/div>\n\t\t<div class=\"elementor-element elementor-element-714cdc3 e-con-full e-flex e-con e-child\" data-id=\"714cdc3\" data-element_type=\"container\" data-e-type=\"container\" data-settings=\"{&quot;background_background&quot;:&quot;classic&quot;}\">\n\t\t\t\t<div class=\"elementor-element elementor-element-0db0971 elementor-widget elementor-widget-google_maps\" data-id=\"0db0971\" data-element_type=\"widget\" data-e-type=\"widget\" data-widget_type=\"google_maps.default\">\n\t\t\t\t\t\t\t<div class=\"elementor-custom-embed\">\n\t\t\t<iframe loading=\"lazy\"\n\t\t\t\t\tsrc=\"https:\/\/www.google.com\/maps\/embed\/v1\/place?key=AIzaSyB_p9g6f3XG_6BLwSXMKXrORJyiUTmMXCs&#038;q=Romano%20Nekretnine&#038;zoom=15\"\n\t\t\t\t\ttitle=\"Romano Nekretnine\"\n\t\t\t\t\taria-label=\"Romano Nekretnine\"\n\t\t\t><\/iframe>\n\t\t<\/div>\n\t\t\t\t\t\t<\/div>\n\t\t\t\t<\/div>\n\t\t\t\t<div class=\"elementor-element elementor-element-9b698d9 elementor-widget elementor-widget-text-editor\" data-id=\"9b698d9\" data-element_type=\"widget\" data-e-type=\"widget\" data-widget_type=\"text-editor.default\">\n\t\t\t\t\t\t\t\t\t<p data-start=\"353\" data-end=\"464\"><strong data-start=\"353\" data-end=\"369\">Radno vrijeme<\/strong><br data-start=\"369\" data-end=\"372\">Od ponedjeljka do petka: <strong>9:00 \u2013 15:00<\/strong><br data-start=\"410\" data-end=\"413\">Subota: Po dogovoru<br data-start=\"444\" data-end=\"447\">Nedjelja: Po dogovoru<\/p>\t\t\t\t\t\t\t\t<\/div>\n\t\t\t\t<\/div>\n\t\t<div class=\"elementor-element elementor-element-784c5f2 e-con-full e-flex e-con e-child\" data-id=\"784c5f2\" data-element_type=\"container\" data-e-type=\"container\">\n\t\t\t\t<div class=\"elementor-element elementor-element-0bcb0ae elementor-button-align-stretch elementor-widget elementor-widget-houzez_elementor_inquiry_form\" data-id=\"0bcb0ae\" data-element_type=\"widget\" data-e-type=\"widget\" data-widget_type=\"houzez_elementor_inquiry_form.default\">\n\t\t\t\t<div class=\"elementor-widget-container\">\n\t\t\t\t\t\n        <script type=\"application\/javascript\">\n            jQuery(document).bind(\"ready\", function () {\n                houzezValidateElementor(\"#houzez-form-0bcb0ae\" );\n            });\n        <\/script>\n\n\n        <form class=\"elementor-form houzez-ele-form-js\" id=\"houzez-form-0bcb0ae\" method=\"post\" name=\"Novi obrazac\" action=\"https:\/\/romano-realestate.com\/wp-admin\/admin-ajax.php\">\n            <input type=\"hidden\" name=\"form_id\" value=\"0bcb0ae\"\/>\n            <input type=\"hidden\" name=\"action\" value=\"houzez_ele_inquiry_form\" \/>\n            <input type=\"hidden\" name=\"source_link\" value=\"https:\/\/romano-realestate.com\/hr\/kontakt\/\" \/>\n            <input type=\"hidden\" name=\"lead_page_id\" value=\"26046\" \/>\n            <input type=\"hidden\" name=\"is_estimation\" value=\"yes\" \/>\n            <input type=\"hidden\" name=\"webhook\" value=\"false\" \/>\n            <input type=\"hidden\" name=\"webhook_url\" value=\"\" \/>\n            <input type=\"hidden\" name=\"redirect_to\" value=\"\" \/>\n            <input type=\"hidden\" name=\"email_subject\" value=\"Nova poruka od Romano Real Estate ENG\" \/>\n            <input type=\"hidden\" name=\"google_recaptcha\" value=\"yes\" \/>\n\n            <div class=\"elementor-form-fields-wrapper elementor-labels-above\">\n\n                                    <div class=\"elementor-field-group elementor-column form-group elementor-field-group-b66c734 elementor-col-33 elementor-field-required\">\n                    <label for=\"form-field-b66c734\" class=\"form-label elementor-field-label\">Osobni podaci<\/label>        <div class=\"elementor-field elementor-select-wrapper\">\n            <select name=\"user_type\" id=\"form-field-b66c734\" class=\"elementor-field-textual form-control elementor-size-md\" required=\"required\" title=\"* Osobni podaci\">\n                <option value=\"\">Odaberite<\/option><option value=\"Vlasnik nekretnine\">Vlasnik nekretnine<\/option><option value=\"Kupac nekretnine\">Kupac nekretnine<\/option><option value=\"\"><\/option>            <\/select>\n        <\/div>\n                            <\/div>\n\n                                        <div class=\"elementor-field-group elementor-column form-group elementor-field-group-ac32e68 elementor-col-33 elementor-field-required\">\n                    <label for=\"form-field-ac32e68\" class=\"form-label elementor-field-label\">&nbsp;<\/label><input type=\"text\" name=\"first_name\" id=\"form-field-ac32e68\" class=\"elementor-field form-control elementor-size-md elementor-field-textual\" placeholder=\"Ime\" title=\"* Ime\" required=\"required\">                    <\/div>\n\n                                        <div class=\"elementor-field-group elementor-column form-group elementor-field-group-7304c05 elementor-col-33 elementor-field-required\">\n                    <label for=\"form-field-7304c05\" class=\"form-label elementor-field-label\">&nbsp;<\/label><input type=\"text\" name=\"last_name\" id=\"form-field-7304c05\" class=\"elementor-field form-control elementor-size-md elementor-field-textual\" placeholder=\"Prezime\" title=\"* Prezime\" required=\"required\">                    <\/div>\n\n                                        <div class=\"elementor-field-group elementor-column form-group elementor-field-group-7b74074 elementor-col-66 elementor-field-required\">\n                    <input type=\"email\" name=\"email\" id=\"form-field-7b74074\" class=\"elementor-field form-control elementor-size-md elementor-field-textual\" placeholder=\"Adresa e-po\u0161te\" title=\"* Adresa e-po\u0161te\" required=\"required\">                    <\/div>\n\n                                        <div class=\"elementor-field-group elementor-column form-group elementor-field-group-e92d2c5 elementor-col-33 elementor-field-required\">\n                    <input type=\"text\" name=\"mobile\" id=\"form-field-e92d2c5\" class=\"elementor-field form-control elementor-size-md elementor-field-textual\" placeholder=\"Broj telefona\" title=\"* Broj telefona\" required=\"required\">                    <\/div>\n\n                                        <div class=\"elementor-field-group elementor-column form-group elementor-field-group-2c64433 elementor-col-100\">\n                    <label for=\"form-field-2c64433\" class=\"form-label elementor-field-label\">Poruka<\/label><textarea class=\"elementor-field-textual elementor-field elementor-size-md\" name=\"message\" id=\"form-field-2c64433\" rows=\"4\" placeholder=\"Molimo napi\u0161ite svoj upit\"><\/textarea>                    <\/div>\n\n                    \n                    \n                                        <div class=\"form-group elementor-field-group elementor-col-100\">\n                        <label class=\"control control--checkbox m-0 \">\n                                                        <input required type=\"checkbox\" name=\"gdpr_agreement\" id=\"gdpr_agreement\" aria-required=\"true\">\n                            <span class=\"control__indicator\"><\/span>\n                                                        <div class=\"gdpr-text-wrap\">\n                            Sla\u017eem se s Politikom privatnosti i dajem suglasnost za obradu svojih osobnih podataka radi odgovaranja na va\u0161 upit.                            <\/div>\n                            \n                        <\/label>\n                    <\/div><!-- form-group -->\n                    \n                    \n                                        <div class=\"\">\n                                            <\/div>\n                    \n                    <div class=\"elementor-field-group elementor-column elementor-field-type-submit elementor-col-100\">\n                    <button type=\"submit\" class=\"houzez-submit-button houzez-contact-form-js elementor-button elementor-size-md\">\n                        <i class=\"houzez-loader-js houzez-hidden spinner-border spinner-border-sm\"><\/i>\n                                                    Po\u0161alji                                            <\/button>\n                <\/div>\n            <\/div><!-- End wrapper-->\n            <br\/>\n            <div class=\"ele-form-messages\"><\/div>\n            <div class=\"error-container\"><\/div>\n\n        <\/form>\n\n    \t\t\t\t<\/div>\n\t\t\t\t<\/div>\n\t\t\t\t<\/div>\n\t\t\t\t<\/div>\n\t\t\t\t\t<\/div>\n\t\t\t\t<\/div>\n\t\t<div class=\"elementor-element elementor-element-921f946 e-flex e-con-boxed e-con e-parent\" data-id=\"921f946\" data-element_type=\"container\" data-e-type=\"container\">\n\t\t\t\t\t<div class=\"e-con-inner\">\n\t\t<div class=\"elementor-element elementor-element-2aca562 e-con-full e-flex e-con e-child\" data-id=\"2aca562\" data-element_type=\"container\" data-e-type=\"container\" data-settings=\"{&quot;background_background&quot;:&quot;classic&quot;}\">\n\t\t<div class=\"elementor-element elementor-element-a6397e3 e-con-full e-flex e-con e-child\" data-id=\"a6397e3\" data-element_type=\"container\" data-e-type=\"container\">\n\t\t<div class=\"elementor-element elementor-element-33b9ff7 e-con-full e-flex e-con e-child\" data-id=\"33b9ff7\" data-element_type=\"container\" data-e-type=\"container\">\n\t\t\t\t<div class=\"elementor-element elementor-element-cfb566b elementor-invisible elementor-widget elementor-widget-heading\" data-id=\"cfb566b\" data-element_type=\"widget\" data-e-type=\"widget\" data-settings=\"{&quot;_animation&quot;:&quot;fadeIn&quot;}\" data-widget_type=\"heading.default\">\n\t\t\t\t\t<h2 class=\"elementor-heading-title elementor-size-default\">FAQ<\/h2>\t\t\t\t<\/div>\n\t\t\t\t<div class=\"elementor-element elementor-element-826188f elementor-widget elementor-widget-text-editor\" data-id=\"826188f\" data-element_type=\"widget\" data-e-type=\"widget\" data-widget_type=\"text-editor.default\">\n\t\t\t\t\t\t\t\t\t<p>Znamo da se uz nekretnine ve\u017eu pitanja. Zato smo prikupili jasne i iskrene odgovore koji \u0107e vam pomo\u0107i da razumijete proces i donosite informirane odluke na svakom koraku. <\/p>\t\t\t\t\t\t\t\t<\/div>\n\t\t\t\t<div class=\"elementor-element elementor-element-d6805b3 elementor-widget elementor-widget-spacer\" data-id=\"d6805b3\" data-element_type=\"widget\" data-e-type=\"widget\" data-widget_type=\"spacer.default\">\n\t\t\t\t\t\t\t<div class=\"elementor-spacer\">\n\t\t\t<div class=\"elementor-spacer-inner\"><\/div>\n\t\t<\/div>\n\t\t\t\t\t\t<\/div>\n\t\t\t\t<\/div>\n\t\t<div class=\"elementor-element elementor-element-9e56ad9 e-con-full e-flex e-con e-child\" data-id=\"9e56ad9\" data-element_type=\"container\" data-e-type=\"container\">\n\t\t\t\t<div class=\"elementor-element elementor-element-bd5b848 elementor-widget elementor-widget-accordion\" data-id=\"bd5b848\" data-element_type=\"widget\" data-e-type=\"widget\" data-widget_type=\"accordion.default\">\n\t\t\t\t\t\t\t<div class=\"elementor-accordion\">\n\t\t\t\t\t\t\t<div class=\"elementor-accordion-item\">\n\t\t\t\t\t<div id=\"elementor-tab-title-1981\" class=\"elementor-tab-title\" data-tab=\"1\" role=\"button\" aria-controls=\"elementor-tab-content-1981\" aria-expanded=\"false\">\n\t\t\t\t\t\t\t\t\t\t\t\t\t<span class=\"elementor-accordion-icon elementor-accordion-icon-right\" aria-hidden=\"true\">\n\t\t\t\t\t\t\t\t\t\t\t\t\t\t\t<span class=\"elementor-accordion-icon-closed\"><svg class=\"e-font-icon-svg e-fas-plus\" viewBox=\"0 0 448 512\" xmlns=\"http:\/\/www.w3.org\/2000\/svg\"><path d=\"M416 208H272V64c0-17.67-14.33-32-32-32h-32c-17.67 0-32 14.33-32 32v144H32c-17.67 0-32 14.33-32 32v32c0 17.67 14.33 32 32 32h144v144c0 17.67 14.33 32 32 32h32c17.67 0 32-14.33 32-32V304h144c17.67 0 32-14.33 32-32v-32c0-17.67-14.33-32-32-32z\"><\/path><\/svg><\/span>\n\t\t\t\t\t\t\t\t<span class=\"elementor-accordion-icon-opened\"><svg class=\"e-font-icon-svg e-fas-minus\" viewBox=\"0 0 448 512\" xmlns=\"http:\/\/www.w3.org\/2000\/svg\"><path d=\"M416 208H32c-17.67 0-32 14.33-32 32v32c0 17.67 14.33 32 32 32h384c17.67 0 32-14.33 32-32v-32c0-17.67-14.33-32-32-32z\"><\/path><\/svg><\/span>\n\t\t\t\t\t\t\t\t\t\t\t\t\t\t<\/span>\n\t\t\t\t\t\t\t\t\t\t\t\t<a class=\"elementor-accordion-title\" tabindex=\"0\">Koje usluge nudite pri kupnji nekretnina?<\/a>\n\t\t\t\t\t<\/div>\n\t\t\t\t\t<div id=\"elementor-tab-content-1981\" class=\"elementor-tab-content elementor-clearfix\" data-tab=\"1\" role=\"region\" aria-labelledby=\"elementor-tab-title-1981\"><p>Va\u0161e putovanje do vrhunske nekretnine zaslu\u017euje prilago\u0111eni pristup. Upravljamo svakim detaljem procesa kupnje \u2013 od identificiranja prilika izvan tr\u017ei\u0161ta do osiguravanja najboljih uvjeta \u2013 uz izravan pristup na\u0161em pouzdanom krugu odvjetnika i stru\u010dnjaka iz industrije. <\/p>\n<\/div>\n\t\t\t\t<\/div>\n\t\t\t\t\t\t\t<div class=\"elementor-accordion-item\">\n\t\t\t\t\t<div id=\"elementor-tab-title-1982\" class=\"elementor-tab-title\" data-tab=\"2\" role=\"button\" aria-controls=\"elementor-tab-content-1982\" aria-expanded=\"false\">\n\t\t\t\t\t\t\t\t\t\t\t\t\t<span class=\"elementor-accordion-icon elementor-accordion-icon-right\" aria-hidden=\"true\">\n\t\t\t\t\t\t\t\t\t\t\t\t\t\t\t<span class=\"elementor-accordion-icon-closed\"><svg class=\"e-font-icon-svg e-fas-plus\" viewBox=\"0 0 448 512\" xmlns=\"http:\/\/www.w3.org\/2000\/svg\"><path d=\"M416 208H272V64c0-17.67-14.33-32-32-32h-32c-17.67 0-32 14.33-32 32v144H32c-17.67 0-32 14.33-32 32v32c0 17.67 14.33 32 32 32h144v144c0 17.67 14.33 32 32 32h32c17.67 0 32-14.33 32-32V304h144c17.67 0 32-14.33 32-32v-32c0-17.67-14.33-32-32-32z\"><\/path><\/svg><\/span>\n\t\t\t\t\t\t\t\t<span class=\"elementor-accordion-icon-opened\"><svg class=\"e-font-icon-svg e-fas-minus\" viewBox=\"0 0 448 512\" xmlns=\"http:\/\/www.w3.org\/2000\/svg\"><path d=\"M416 208H32c-17.67 0-32 14.33-32 32v32c0 17.67 14.33 32 32 32h384c17.67 0 32-14.33 32-32v-32c0-17.67-14.33-32-32-32z\"><\/path><\/svg><\/span>\n\t\t\t\t\t\t\t\t\t\t\t\t\t\t<\/span>\n\t\t\t\t\t\t\t\t\t\t\t\t<a class=\"elementor-accordion-title\" tabindex=\"0\">Kako mogu oglasiti svoju nekretninu na va\u0161oj web stranici?<\/a>\n\t\t\t\t\t<\/div>\n\t\t\t\t\t<div id=\"elementor-tab-content-1982\" class=\"elementor-tab-content elementor-clearfix\" data-tab=\"2\" role=\"region\" aria-labelledby=\"elementor-tab-title-1982\"><p>Mo\u017eete nas kontaktirati izravno putem na\u0161eg obrasca za kontakt ili telefonom kako biste dogovorili sastanak s jednim od na\u0161ih stru\u010dnjaka. Procijenit \u0107emo va\u0161u nekretninu i stvoriti prilago\u0111enu marketin\u0161ku strategiju kako bismo osigurali najbolji mogu\u0107i povrat. <\/p>\n<\/div>\n\t\t\t\t<\/div>\n\t\t\t\t\t\t\t<div class=\"elementor-accordion-item\">\n\t\t\t\t\t<div id=\"elementor-tab-title-1983\" class=\"elementor-tab-title\" data-tab=\"3\" role=\"button\" aria-controls=\"elementor-tab-content-1983\" aria-expanded=\"false\">\n\t\t\t\t\t\t\t\t\t\t\t\t\t<span class=\"elementor-accordion-icon elementor-accordion-icon-right\" aria-hidden=\"true\">\n\t\t\t\t\t\t\t\t\t\t\t\t\t\t\t<span class=\"elementor-accordion-icon-closed\"><svg class=\"e-font-icon-svg e-fas-plus\" viewBox=\"0 0 448 512\" xmlns=\"http:\/\/www.w3.org\/2000\/svg\"><path d=\"M416 208H272V64c0-17.67-14.33-32-32-32h-32c-17.67 0-32 14.33-32 32v144H32c-17.67 0-32 14.33-32 32v32c0 17.67 14.33 32 32 32h144v144c0 17.67 14.33 32 32 32h32c17.67 0 32-14.33 32-32V304h144c17.67 0 32-14.33 32-32v-32c0-17.67-14.33-32-32-32z\"><\/path><\/svg><\/span>\n\t\t\t\t\t\t\t\t<span class=\"elementor-accordion-icon-opened\"><svg class=\"e-font-icon-svg e-fas-minus\" viewBox=\"0 0 448 512\" xmlns=\"http:\/\/www.w3.org\/2000\/svg\"><path d=\"M416 208H32c-17.67 0-32 14.33-32 32v32c0 17.67 14.33 32 32 32h384c17.67 0 32-14.33 32-32v-32c0-17.67-14.33-32-32-32z\"><\/path><\/svg><\/span>\n\t\t\t\t\t\t\t\t\t\t\t\t\t\t<\/span>\n\t\t\t\t\t\t\t\t\t\t\t\t<a class=\"elementor-accordion-title\" tabindex=\"0\">Nudite li usluge upravljanja nekretninama?<\/a>\n\t\t\t\t\t<\/div>\n\t\t\t\t\t<div id=\"elementor-tab-content-1983\" class=\"elementor-tab-content elementor-clearfix\" data-tab=\"3\" role=\"region\" aria-labelledby=\"elementor-tab-title-1983\"><p>Iako je na\u0161 primarni fokus na stru\u010dnom posredovanju i akviziciji nekretnina, razumijemo da je profesionalna briga vitalna za va\u0161u bezbri\u017enost. Ne pru\u017eamo usluge upravljanja izravno; me\u0111utim, odr\u017eavamo bliska partnerstva s vode\u0107im hrvatskim tvrtkama za upravljanje nekretninama. Rado \u0107emo vas upoznati s na\u0161im pouzdanim partnerima koji su specijalizirani za sve, od tehni\u010dkog odr\u017eavanja i vrtlarenja do usluge upravljanja najmom, osiguravaju\u0107i da je va\u0161a investicija u stru\u010dnim rukama.  <\/p>\n<\/div>\n\t\t\t\t<\/div>\n\t\t\t\t\t\t\t<div class=\"elementor-accordion-item\">\n\t\t\t\t\t<div id=\"elementor-tab-title-1984\" class=\"elementor-tab-title\" data-tab=\"4\" role=\"button\" aria-controls=\"elementor-tab-content-1984\" aria-expanded=\"false\">\n\t\t\t\t\t\t\t\t\t\t\t\t\t<span class=\"elementor-accordion-icon elementor-accordion-icon-right\" aria-hidden=\"true\">\n\t\t\t\t\t\t\t\t\t\t\t\t\t\t\t<span class=\"elementor-accordion-icon-closed\"><svg class=\"e-font-icon-svg e-fas-plus\" viewBox=\"0 0 448 512\" xmlns=\"http:\/\/www.w3.org\/2000\/svg\"><path d=\"M416 208H272V64c0-17.67-14.33-32-32-32h-32c-17.67 0-32 14.33-32 32v144H32c-17.67 0-32 14.33-32 32v32c0 17.67 14.33 32 32 32h144v144c0 17.67 14.33 32 32 32h32c17.67 0 32-14.33 32-32V304h144c17.67 0 32-14.33 32-32v-32c0-17.67-14.33-32-32-32z\"><\/path><\/svg><\/span>\n\t\t\t\t\t\t\t\t<span class=\"elementor-accordion-icon-opened\"><svg class=\"e-font-icon-svg e-fas-minus\" viewBox=\"0 0 448 512\" xmlns=\"http:\/\/www.w3.org\/2000\/svg\"><path d=\"M416 208H32c-17.67 0-32 14.33-32 32v32c0 17.67 14.33 32 32 32h384c17.67 0 32-14.33 32-32v-32c0-17.67-14.33-32-32-32z\"><\/path><\/svg><\/span>\n\t\t\t\t\t\t\t\t\t\t\t\t\t\t<\/span>\n\t\t\t\t\t\t\t\t\t\t\t\t<a class=\"elementor-accordion-title\" tabindex=\"0\">Mogu li dogovoriti virtualni obilazak nekretnine koja me zanima?<\/a>\n\t\t\t\t\t<\/div>\n\t\t\t\t\t<div id=\"elementor-tab-content-1984\" class=\"elementor-tab-content elementor-clearfix\" data-tab=\"4\" role=\"region\" aria-labelledby=\"elementor-tab-title-1984\"><p>Apsolutno. Razumijemo da su mnogi na\u0161i klijenti zauzeti ili se nalaze u inozemstvu, zbog \u010dega nudimo visokokvalitetne virtualne obilaske na\u0161ih oglasa. Bilo putem video prijenosa u\u017eivo putem WhatsAppa\/FaceTimea ili profesionalno proizvedenih 360\u00b0 obilazaka, osiguravamo da mo\u017eete istra\u017eiti svaki detalj nekretnine iz udobnosti svog doma prije nego \u0161to se odlu\u010dite za osobni posjet.  <\/p>\n<\/div>\n\t\t\t\t<\/div>\n\t\t\t\t\t\t\t\t<\/div>\n\t\t\t\t\t\t<\/div>\n\t\t\t\t<\/div>\n\t\t\t\t<\/div>\n\t\t\t\t<\/div>\n\t\t\t\t\t<\/div>\n\t\t\t\t<\/div>\n\t\t\t\t<\/div>\n\t\t","protected":false},"excerpt":{"rendered":"<p>Zatra\u017eite pomo\u0107 stru\u010dnjaka Adresa ureda Romano Real EstateBl. Augustina Ka\u017eoti\u0107a 1221220 Trogir, Croatia GSM: +385 91 547 0790 Radno vrijemeOd ponedjeljka do petka: 9:00 \u2013 15:00Subota: Po dogovoruNedjelja: Po dogovoru Osobni podaci OdaberiteVlasnik nekretnineKupac nekretnine &nbsp; &nbsp; Poruka Sla\u017eem se s Politikom privatnosti i dajem suglasnost za obradu svojih osobnih podataka radi odgovaranja na va\u0161 [&hellip;]<\/p>\n","protected":false},"author":1,"featured_media":0,"parent":0,"menu_order":0,"comment_status":"closed","ping_status":"closed","template":"template\/template-homepage.php","meta":{"content-type":"","footnotes":""},"class_list":["post-26046","page","type-page","status-publish","hentry"],"_links":{"self":[{"href":"https:\/\/romano-realestate.com\/hr\/wp-json\/wp\/v2\/pages\/26046","targetHints":{"allow":["GET"]}}],"collection":[{"href":"https:\/\/romano-realestate.com\/hr\/wp-json\/wp\/v2\/pages"}],"about":[{"href":"https:\/\/romano-realestate.com\/hr\/wp-json\/wp\/v2\/types\/page"}],"author":[{"embeddable":true,"href":"https:\/\/romano-realestate.com\/hr\/wp-json\/wp\/v2\/users\/1"}],"replies":[{"embeddable":true,"href":"https:\/\/romano-realestate.com\/hr\/wp-json\/wp\/v2\/comments?post=26046"}],"version-history":[{"count":11,"href":"https:\/\/romano-realestate.com\/hr\/wp-json\/wp\/v2\/pages\/26046\/revisions"}],"predecessor-version":[{"id":28792,"href":"https:\/\/romano-realestate.com\/hr\/wp-json\/wp\/v2\/pages\/26046\/revisions\/28792"}],"wp:attachment":[{"href":"https:\/\/romano-realestate.com\/hr\/wp-json\/wp\/v2\/media?parent=26046"}],"curies":[{"name":"wp","href":"https:\/\/api.w.org\/{rel}","templated":true}]}}