{"id":26602,"date":"2020-03-02T23:33:27","date_gmt":"2020-03-02T23:33:27","guid":{"rendered":"https:\/\/romano-realestate.com\/anfrageformular\/"},"modified":"2026-02-25T18:20:44","modified_gmt":"2026-02-25T18:20:44","slug":"anfrageformular","status":"publish","type":"page","link":"https:\/\/romano-realestate.com\/de\/anfrageformular\/","title":{"rendered":"Anfrageformular"},"content":{"rendered":"\t\t<div data-elementor-type=\"wp-page\" data-elementor-id=\"26602\" class=\"elementor elementor-26602 elementor-17149\">\n\t\t\t\t<div class=\"elementor-element elementor-element-fedb67d e-flex e-con-boxed elementor-invisible e-con e-parent\" data-id=\"fedb67d\" data-element_type=\"container\" data-e-type=\"container\" data-settings=\"{&quot;background_background&quot;:&quot;classic&quot;,&quot;animation&quot;:&quot;fadeIn&quot;}\">\n\t\t\t\t\t<div class=\"e-con-inner\">\n\t\t<div class=\"elementor-element elementor-element-0ea31fd e-con-full e-flex e-con e-child\" data-id=\"0ea31fd\" data-element_type=\"container\" data-e-type=\"container\">\n\t\t\t\t<div class=\"elementor-element elementor-element-a1403aa elementor-widget elementor-widget-heading\" data-id=\"a1403aa\" data-element_type=\"widget\" data-e-type=\"widget\" data-widget_type=\"heading.default\">\n\t\t\t\t\t<h2 class=\"elementor-heading-title elementor-size-default\">Verkaufen Sie mit uns: Verschaffen Sie sich ein klares Bild vom Wert Ihrer Immobilie<br>Arbeiten Sie mit unserer spezialisierten Immobilienagentur in Trogir zusammen, um den tats\u00e4chlichen Marktwert Ihrer Immobilie zu ermitteln und einen erfolgreichen Verkauf zu erzielen.<\/h2>\t\t\t\t<\/div>\n\t\t\t\t<div class=\"elementor-element elementor-element-aa2d300 elementor-widget elementor-widget-text-editor\" data-id=\"aa2d300\" data-element_type=\"widget\" data-e-type=\"widget\" data-widget_type=\"text-editor.default\">\n\t\t\t\t\t\t\t\t\t<p>Beginnen Sie Ihre Immobilienreise mit einem klaren Bild vom Wert Ihres Hauses. Unsere Immobilienagentur mit Sitz in Trogir bietet Ihnen genaue, datengest\u00fctzte Einblicke, damit Sie fundierte Entscheidungen nach Ihren eigenen Vorstellungen treffen k\u00f6nnen. Keine Verpflichtungen, kein Druck \u2013 nur die lokale Expertise, die Sie ben\u00f6tigen, um voranzukommen.  <\/p>\t\t\t\t\t\t\t\t<\/div>\n\t\t\t\t<div class=\"elementor-element elementor-element-34bd9c7 elementor-widget elementor-widget-heading\" data-id=\"34bd9c7\" data-element_type=\"widget\" data-e-type=\"widget\" data-widget_type=\"heading.default\">\n\t\t\t\t\t<h3 class=\"elementor-heading-title elementor-size-default\">Warum eine Immobilienbewertung beantragen?<\/h3>\t\t\t\t<\/div>\n\t\t\t\t<div class=\"elementor-element elementor-element-19accd0 elementor-widget elementor-widget-text-editor\" data-id=\"19accd0\" data-element_type=\"widget\" data-e-type=\"widget\" data-widget_type=\"text-editor.default\">\n\t\t\t\t\t\t\t\t\t<ul><li><ul><li><p data-path-to-node=\"2,0,0\">Entscheiden Sie mit Zuversicht: Bleiben Sie \u00fcber die aktuellen Marktbedingungen in Mitteldalmatien auf dem Laufenden. Unsere Immobilienagentur in Trogir sorgt daf\u00fcr, dass Sie genau wissen, was Ihre Immobilie auf dem heutigen wettbewerbsintensiven Markt wert ist. <\/p><\/li><li><p data-path-to-node=\"2,1,0\">Planen Sie mit Pr\u00e4zision: Ob Sie kaufen oder verkaufen, nutzen Sie eine professionelle Bewertung, um eine realistische Strategie zu entwickeln. Vertrauen Sie auf unsere lokale Expertise, um Ihren n\u00e4chsten Schritt mit Sicherheit zu planen. <\/p><\/li><li><p data-path-to-node=\"2,2,0\">Fragen Sie die Experten: Gehen Sie \u00fcber allgemeine Online-Tools hinaus. Erhalten Sie personalisierte Einblicke und professionelle Beratung, die auf Ihre spezifischen Ziele und Ihren Standort zugeschnitten sind, von unserem erfahrenen Immobilien-Team in Trogir. <\/p><\/li><\/ul><\/li><\/ul>\t\t\t\t\t\t\t\t<\/div>\n\t\t\t\t<div class=\"elementor-element elementor-element-5ae5dce elementor-widget elementor-widget-heading\" data-id=\"5ae5dce\" data-element_type=\"widget\" data-e-type=\"widget\" data-widget_type=\"heading.default\">\n\t\t\t\t\t<h3 class=\"elementor-heading-title elementor-size-default\">So funktioniert es<\/h3>\t\t\t\t<\/div>\n\t\t\t\t<div class=\"elementor-element elementor-element-4598ea0 elementor-widget elementor-widget-text-editor\" data-id=\"4598ea0\" data-element_type=\"widget\" data-e-type=\"widget\" data-widget_type=\"text-editor.default\">\n\t\t\t\t\t\t\t\t\t<p data-path-to-node=\"2\"><b data-path-to-node=\"2\" data-index-in-node=\"0\">M\u00f6chten Sie verkaufen? Wenden Sie sich an unsere Immobilienagentur in Trogir. <\/b> Wir sind st\u00e4ndig auf der Suche nach au\u00dfergew\u00f6hnlichen Immobilien entlang der K\u00fcste, insbesondere in der Region zwischen Rogoznica und Split. Als spezialisierte Immobilienagentur in Trogir halten wir hohe Servicestandards ein, indem wir ausschlie\u00dflich Immobilien mit einwandfreiem Eigentumsrecht, 100 %iger Legalisierung und klaren Eigentumsverh\u00e4ltnissen vermitteln. <\/p><p data-path-to-node=\"3\">Bitte f\u00fcllen Sie das untenstehende Formular aus, um Ihre Immobilie zur Pr\u00fcfung einzureichen. Unser Team wird Ihre Einreichung pr\u00fcfen und sich in K\u00fcrze mit Ihnen in Verbindung setzen, wenn unsere Agentur den professionellen Verkauf Ihrer Immobilie vermitteln kann. <\/p>\t\t\t\t\t\t\t\t<\/div>\n\t\t<div class=\"elementor-element elementor-element-3a9d180 e-con-full e-flex e-con e-child\" data-id=\"3a9d180\" data-element_type=\"container\" data-e-type=\"container\">\n\t\t\t\t<div class=\"elementor-element elementor-element-f515dc3 elementor-widget elementor-widget-text-editor\" data-id=\"f515dc3\" data-element_type=\"widget\" data-e-type=\"widget\" data-widget_type=\"text-editor.default\">\n\t\t\t\t\t\t\t\t\t<p data-path-to-node=\"13\"><b data-path-to-node=\"13\" data-index-in-node=\"0\">&#8220;Not sure how to start? Read our expert guides:&#8221;<\/b><\/p>\n<p data-path-to-node=\"13\"><a href=\"https:\/\/romano-realestate.com\/real-estate-pricing-asking-price-vs-market-value\/\" target=\"_blank\">[Real Estate Pricing: Why Your Asking Price Might Be Killing Your Sale]<\/a><\/p>\n<p data-path-to-node=\"13\"><a href=\"https:\/\/romano-realestate.com\/how-to-prepare-property-for-sale-home-staging\/\" target=\"_blank\">[How to Prepare Your Property for Sale: The Ultimate Staging Guide]<\/a><\/p>\t\t\t\t\t\t\t\t<\/div>\n\t\t\t\t<\/div>\n\t\t\t\t<\/div>\n\t\t<div class=\"elementor-element elementor-element-0809762 e-con-full e-flex e-con e-child\" data-id=\"0809762\" data-element_type=\"container\" data-e-type=\"container\">\n\t\t\t\t<div class=\"elementor-element elementor-element-f790fb7 elementor-button-align-stretch elementor-widget elementor-widget-houzez_elementor_inquiry_form\" data-id=\"f790fb7\" data-element_type=\"widget\" data-e-type=\"widget\" data-widget_type=\"houzez_elementor_inquiry_form.default\">\n\t\t\t\t<div class=\"elementor-widget-container\">\n\t\t\t\t\t\n        <script type=\"application\/javascript\">\n            jQuery(document).bind(\"ready\", function () {\n                houzezValidateElementor(\"#houzez-form-f790fb7\" );\n            });\n        <\/script>\n\n\n        <form class=\"elementor-form houzez-ele-form-js\" id=\"houzez-form-f790fb7\" method=\"post\" name=\"Neues Formular\" action=\"https:\/\/romano-realestate.com\/wp-admin\/admin-ajax.php\">\n            <input type=\"hidden\" name=\"form_id\" value=\"f790fb7\"\/>\n            <input type=\"hidden\" name=\"action\" value=\"houzez_ele_inquiry_form\" \/>\n            <input type=\"hidden\" name=\"source_link\" value=\"https:\/\/romano-realestate.com\/de\/anfrageformular\/\" \/>\n            <input type=\"hidden\" name=\"lead_page_id\" value=\"26602\" \/>\n            <input type=\"hidden\" name=\"is_estimation\" value=\"yes\" \/>\n            <input type=\"hidden\" name=\"webhook\" value=\"\" \/>\n            <input type=\"hidden\" name=\"webhook_url\" value=\"\" \/>\n            <input type=\"hidden\" name=\"redirect_to\" value=\"\" \/>\n            <input type=\"hidden\" name=\"email_subject\" value=\"Neue Nachricht von \u201eRomano Real Estate 01\u201d\" \/>\n            <input type=\"hidden\" name=\"google_recaptcha\" value=\"yes\" \/>\n\n            <div class=\"elementor-form-fields-wrapper elementor-labels-above\">\n\n                                    <div class=\"elementor-field-group elementor-column form-group elementor-field-group-ba6c34c elementor-col-100 elementor-field-required\">\n                    <label for=\"form-field-ba6c34c\" class=\"form-label elementor-field-label\">Art der Immobilie<\/label>        <div class=\"elementor-field elementor-select-wrapper\">\n            <select name=\"e_meta[property_type]\" id=\"form-field-ba6c34c\" class=\"elementor-field-textual form-control elementor-size-md\" required=\"required\" title=\"* Art der Immobilie\">\n                <option value=\"\">Select<\/option><option value=\"haus\"> Haus<\/option><option value=\"land\"> Land<\/option><option value=\"villa\"> Villa<\/option><option value=\"wohnung\"> Wohnung<\/option>            <\/select>\n        <\/div>\n                            <\/div>\n\n                                        <div class=\"elementor-field-group elementor-column form-group elementor-field-group-b7fe77d elementor-col-100 elementor-field-required\">\n                    <label for=\"form-field-b7fe77d\" class=\"form-label elementor-field-label\">Informationen<\/label>        <div class=\"elementor-field elementor-select-wrapper\">\n            <select name=\"user_type\" id=\"form-field-b7fe77d\" class=\"elementor-field-textual form-control elementor-size-md\" required=\"required\" title=\"* Informationen\">\n                <option value=\"\">Ich bin ein <\/option><option value=\"Ich bin Immobilienmakler\">Ich bin Immobilienmakler<\/option><option value=\"Ich bin Immobilienbesitzer\">Ich bin Immobilienbesitzer<\/option>            <\/select>\n        <\/div>\n                            <\/div>\n\n                                        <div class=\"elementor-field-group elementor-column form-group elementor-field-group-cc6b92f elementor-col-50 elementor-field-required\">\n                    <input type=\"text\" name=\"first_name\" id=\"form-field-cc6b92f\" class=\"elementor-field form-control elementor-size-md elementor-field-textual\" placeholder=\"Vorname\" title=\"* Vorname\" required=\"required\">                    <\/div>\n\n                                        <div class=\"elementor-field-group elementor-column form-group elementor-field-group-3cc124e elementor-col-50\">\n                    <input type=\"text\" name=\"last_name\" id=\"form-field-3cc124e\" class=\"elementor-field form-control elementor-size-md elementor-field-textual\" placeholder=\"Nachname\" title=\"* Nachname\">                    <\/div>\n\n                                        <div class=\"elementor-field-group elementor-column form-group elementor-field-group-932d82c elementor-col-100 elementor-field-required\">\n                    <input type=\"email\" name=\"email\" id=\"form-field-932d82c\" class=\"elementor-field form-control elementor-size-md elementor-field-textual\" placeholder=\"E-Mail-Adresse\" title=\"* E-Mail-Adresse\" required=\"required\">                    <\/div>\n\n                                        <div class=\"elementor-field-group elementor-column form-group elementor-field-group-cb1d979 elementor-col-100\">\n                    <textarea class=\"elementor-field-textual elementor-field elementor-size-md\" name=\"message\" id=\"form-field-cb1d979\" rows=\"1\" placeholder=\"Telefonnummer\"><\/textarea>                    <\/div>\n\n                                        <div class=\"elementor-field-group elementor-column form-group elementor-field-group-2eaf20d elementor-col-50 elementor-field-required\">\n                    <label for=\"form-field-2eaf20d\" class=\"form-label elementor-field-label\">Informationen zur Immobilie<\/label><input type=\"text\" name=\"first_name\" id=\"form-field-2eaf20d\" class=\"elementor-field form-control elementor-size-md elementor-field-textual\" placeholder=\"Lage der Immobilie\" title=\"* Informationen zur Immobilie\" required=\"required\">                    <\/div>\n\n                                        <div class=\"elementor-field-group elementor-column form-group elementor-field-group-f0ee6fc elementor-col-50 elementor-field-required\">\n                    <label for=\"form-field-f0ee6fc\" class=\"form-label elementor-field-label\">&nbsp;<\/label><input type=\"text\" name=\"e_meta[zipcode]\" id=\"form-field-f0ee6fc\" class=\"elementor-field form-control elementor-size-md elementor-field-textual\" placeholder=\"Number of rooms\" title=\"* Number of rooms\" required=\"required\">                    <\/div>\n\n                                        <div class=\"elementor-field-group elementor-column form-group elementor-field-group-ebec41e elementor-col-100 elementor-field-required\">\n                    <label for=\"form-field-ebec41e\" class=\"form-label elementor-field-label\">&nbsp;<\/label><textarea class=\"elementor-field-textual elementor-field elementor-size-md\" name=\"message\" id=\"form-field-ebec41e\" rows=\"4\" placeholder=\"Nachricht\" required=\"required\" title=\"* Nachricht\"><\/textarea>                    <\/div>\n\n                    \n                    \n                                        <div class=\"form-group elementor-field-group elementor-col-100\">\n                        <label class=\"control control--checkbox m-0 \">\n                                                        <input required type=\"checkbox\" name=\"gdpr_agreement\" id=\"gdpr_agreement\" aria-required=\"true\">\n                            <span class=\"control__indicator\"><\/span>\n                                                        <div class=\"gdpr-text-wrap\">\n                            Ich stimme den Datenschutzbestimmungen zu und erkl\u00e4re mich mit der Verarbeitung meiner pers\u00f6nlichen Daten zum Zweck der Beantwortung Ihrer Anfrage einverstanden.                            <\/div>\n                            \n                        <\/label>\n                    <\/div><!-- form-group -->\n                    \n                    \n                                        <div class=\"\">\n                                            <\/div>\n                    \n                    <div class=\"elementor-field-group elementor-column elementor-field-type-submit elementor-col-100\">\n                    <button type=\"submit\" class=\"houzez-submit-button houzez-contact-form-js elementor-button elementor-size-md\">\n                        <i class=\"houzez-loader-js houzez-hidden spinner-border spinner-border-sm\"><\/i>\n                                                    Submit                                            <\/button>\n                <\/div>\n            <\/div><!-- End wrapper-->\n            <br\/>\n            <div class=\"ele-form-messages\"><\/div>\n            <div class=\"error-container\"><\/div>\n\n        <\/form>\n\n    \t\t\t\t<\/div>\n\t\t\t\t<\/div>\n\t\t\t\t<\/div>\n\t\t\t\t\t<\/div>\n\t\t\t\t<\/div>\n\t\t\t\t<\/div>\n\t\t","protected":false},"excerpt":{"rendered":"<p>Verkaufen Sie mit uns: Verschaffen Sie sich ein klares Bild vom Wert Ihrer ImmobilieArbeiten Sie mit unserer spezialisierten Immobilienagentur in Trogir zusammen, um den tats\u00e4chlichen Marktwert Ihrer Immobilie zu ermitteln und einen erfolgreichen Verkauf zu erzielen. Beginnen Sie Ihre Immobilienreise mit einem klaren Bild vom Wert Ihres Hauses. Unsere Immobilienagentur mit Sitz in Trogir bietet [&hellip;]<\/p>\n","protected":false},"author":1,"featured_media":0,"parent":0,"menu_order":0,"comment_status":"closed","ping_status":"closed","template":"elementor_header_footer","meta":{"content-type":"","footnotes":""},"class_list":["post-26602","page","type-page","status-publish","hentry"],"_links":{"self":[{"href":"https:\/\/romano-realestate.com\/de\/wp-json\/wp\/v2\/pages\/26602","targetHints":{"allow":["GET"]}}],"collection":[{"href":"https:\/\/romano-realestate.com\/de\/wp-json\/wp\/v2\/pages"}],"about":[{"href":"https:\/\/romano-realestate.com\/de\/wp-json\/wp\/v2\/types\/page"}],"author":[{"embeddable":true,"href":"https:\/\/romano-realestate.com\/de\/wp-json\/wp\/v2\/users\/1"}],"replies":[{"embeddable":true,"href":"https:\/\/romano-realestate.com\/de\/wp-json\/wp\/v2\/comments?post=26602"}],"version-history":[{"count":4,"href":"https:\/\/romano-realestate.com\/de\/wp-json\/wp\/v2\/pages\/26602\/revisions"}],"predecessor-version":[{"id":31918,"href":"https:\/\/romano-realestate.com\/de\/wp-json\/wp\/v2\/pages\/26602\/revisions\/31918"}],"wp:attachment":[{"href":"https:\/\/romano-realestate.com\/de\/wp-json\/wp\/v2\/media?parent=26602"}],"curies":[{"name":"wp","href":"https:\/\/api.w.org\/{rel}","templated":true}]}}